{"id":179,"date":"2020-05-23T10:45:32","date_gmt":"2020-05-23T10:45:32","guid":{"rendered":"https:\/\/destilerijanenadovic.rs\/?page_id=179"},"modified":"2020-05-23T10:52:47","modified_gmt":"2020-05-23T10:52:47","slug":"o-nama-2","status":"publish","type":"page","link":"https:\/\/destilerijanenadovic.rs\/?page_id=179&lang=lat","title":{"rendered":"O nama"},"content":{"rendered":"<p><span style=\"font-size: 12pt;\"><\/span><\/p>\r\n<p><span style=\"font-size: 12pt;\">Destilerija Nenadovi\u0107 je osnovana 2. oktobra 2018. godine na porodi\u010dnom imanju u selu Krnule &#8211; Vladimirci, sa idejom da se preradom sopstvenog vo\u0107a proizvedu najkvalitetnije rakije napravljene u zanatskom tipu proizvodnje.<\/span><\/p>\r\n<p><span style=\"font-size: 12pt;\">Stogodi\u0161njim porodi\u010dnim iskustvom pravljenja rakije &#8211; dvostrukom destilacijom u bakarnom kazanu nastaje godi\u0161nje vi\u0161e od 10.000 litara prirodnih vo\u0107nih rakija vrhunskog kvaliteta.<\/span><\/p>\r\n<p><span style=\"font-size: 12pt;\">Na preko \u0161est hektara prostire se vo\u0107njak gazdinstva Nenadovi\u0107 sa koga se ru\u010dno ubiraju prvoklasni plodovi od kojih posle pasiranja i fermentacije nastaju rakije od \u0161ljive, kajsije, jabuke, dunje i kru\u0161ke Vilijams.<\/span><\/p>\r\n<p><span style=\"font-size: 12pt;\">U proizvodnji rakija Destilerija Nenadovi\u0107 strogo vodi ra\u010duna o slede\u0107e:<\/span><\/p>\r\n<ul>\r\n<li><span style=\"font-size: 12pt;\">besprekorna higijena opreme i proizvodnog prostora<\/span><\/li>\r\n<li><span style=\"font-size: 12pt;\">upotreba prviklasnog ru\u010dno branog vo\u0107a u punoj tehnolo\u0161koj zrelosti<\/span><\/li>\r\n<li><span style=\"font-size: 12pt;\">mlevenje i pasiranje prethodno otko\u0161\u0107enog vo\u0107a<\/span><\/li>\r\n<li><span style=\"font-size: 12pt;\">fermentaciju vo\u0107nog kljuka uz upotrebu selekcionisanih kvasaca i enzima<\/span><\/li>\r\n<li><span style=\"font-size: 12pt;\">dvostruka destilacija uz odbacivanje prvenca i patoke<\/span><\/li>\r\n<li><span style=\"font-size: 12pt;\">odle\u017eavanje i \u010duvanje rakije u inoks tankovima i hrastovoj buradi.<\/span><\/li>\r\n<\/ul>\r\n<div class=\"wp-block-group\">\r\n<div class=\"wp-block-group__inner-container\"><span style=\"font-size: 12pt;\"><\/span><\/div>\r\n<\/div>\r\n<p><span style=\"font-size: 12pt;\"><!-- \/wp:post-content --><\/span><\/p>","protected":false},"excerpt":{"rendered":"<p>Destilerija Nenadovi\u0107 je osnovana 2. oktobra 2018. godine na porodi\u010dnom imanju u selu Krnule &#8211; Vladimirci, sa idejom da se preradom sopstvenog vo\u0107a proizvedu najkvalitetnije rakije napravljene u zanatskom tipu proizvodnje. Stogodi\u0161njim porodi\u010dnim iskustvom pravljenja rakije &#8211; dvostrukom destilacijom u bakarnom kazanu nastaje godi\u0161nje vi\u0161e od 10.000 litara prirodnih vo\u0107nih rakija vrhunskog kvaliteta. Na preko&hellip;<\/p>\n<div class=\"read-more navbutton\"><a href=\"https:\/\/destilerijanenadovic.rs\/?page_id=179&#038;lang=lat\">\u041e\u043f\u0448\u0438\u0440\u043d\u0438\u0458\u0435<i class=\"fa fa-angle-double-right\"><\/i><\/a><\/div>\n","protected":false},"author":1,"featured_media":0,"parent":0,"menu_order":0,"comment_status":"closed","ping_status":"closed","template":"page-templates\/full-width.php","meta":{"inline_featured_image":false,"footnotes":""},"class_list":["post-179","page","type-page","status-publish","hentry"],"yoast_head":"<!-- This site is optimized with the Yoast SEO plugin v27.2 - https:\/\/yoast.com\/product\/yoast-seo-wordpress\/ -->\n<title>O nama - \u0414\u0435\u0441\u0442\u0438\u043b\u0435\u0440\u0438\u0458\u0430 \u041d\u0435\u043d\u0430\u0434\u043e\u0432\u0438\u045b<\/title>\n<meta name=\"robots\" content=\"index, follow, max-snippet:-1, max-image-preview:large, max-video-preview:-1\" \/>\n<link rel=\"canonical\" href=\"https:\/\/destilerijanenadovic.rs\/?page_id=179&lang=lat\" \/>\n<meta property=\"og:locale\" content=\"sr_RS\" \/>\n<meta property=\"og:type\" content=\"article\" \/>\n<meta property=\"og:title\" content=\"O nama - \u0414\u0435\u0441\u0442\u0438\u043b\u0435\u0440\u0438\u0458\u0430 \u041d\u0435\u043d\u0430\u0434\u043e\u0432\u0438\u045b\" \/>\n<meta property=\"og:description\" content=\"Destilerija Nenadovi\u0107 je osnovana 2. oktobra 2018. godine na porodi\u010dnom imanju u selu Krnule &#8211; Vladimirci, sa idejom da se preradom sopstvenog vo\u0107a proizvedu najkvalitetnije rakije napravljene u zanatskom tipu proizvodnje. Stogodi\u0161njim porodi\u010dnim iskustvom pravljenja rakije &#8211; dvostrukom destilacijom u bakarnom kazanu nastaje godi\u0161nje vi\u0161e od 10.000 litara prirodnih vo\u0107nih rakija vrhunskog kvaliteta. Na preko&hellip;\u041e\u043f\u0448\u0438\u0440\u043d\u0438\u0458\u0435\" \/>\n<meta property=\"og:url\" content=\"https:\/\/destilerijanenadovic.rs\/?page_id=179&amp;lang=lat\" \/>\n<meta property=\"og:site_name\" content=\"\u0414\u0435\u0441\u0442\u0438\u043b\u0435\u0440\u0438\u0458\u0430 \u041d\u0435\u043d\u0430\u0434\u043e\u0432\u0438\u045b\" \/>\n<meta property=\"article:publisher\" content=\"https:\/\/facebook.com\/destilerija.nenadovic\" \/>\n<meta property=\"article:modified_time\" content=\"2020-05-23T10:52:47+00:00\" \/>\n<meta name=\"twitter:card\" content=\"summary_large_image\" \/>\n<meta name=\"twitter:label1\" content=\"\u041f\u0440\u043e\u0446\u0435\u045a\u0435\u043d\u043e \u0432\u0440\u0435\u043c\u0435 \u0447\u0438\u0442\u0430\u045a\u0430\" \/>\n\t<meta name=\"twitter:data1\" content=\"1 \u043c\u0438\u043d\u0443\u0442\" \/>\n<script type=\"application\/ld+json\" class=\"yoast-schema-graph\">{\"@context\":\"https:\/\/schema.org\",\"@graph\":[{\"@type\":\"WebPage\",\"@id\":\"https:\/\/destilerijanenadovic.rs\/?page_id=179&lang=lat\",\"url\":\"https:\/\/destilerijanenadovic.rs\/?page_id=179&lang=lat\",\"name\":\"O nama - \u0414\u0435\u0441\u0442\u0438\u043b\u0435\u0440\u0438\u0458\u0430 \u041d\u0435\u043d\u0430\u0434\u043e\u0432\u0438\u045b\",\"isPartOf\":{\"@id\":\"https:\/\/destilerijanenadovic.rs\/#website\"},\"datePublished\":\"2020-05-23T10:45:32+00:00\",\"dateModified\":\"2020-05-23T10:52:47+00:00\",\"breadcrumb\":{\"@id\":\"https:\/\/destilerijanenadovic.rs\/?page_id=179&lang=lat#breadcrumb\"},\"inLanguage\":\"sr-RS\",\"potentialAction\":[{\"@type\":\"ReadAction\",\"target\":[\"https:\/\/destilerijanenadovic.rs\/?page_id=179&lang=lat\"]}]},{\"@type\":\"BreadcrumbList\",\"@id\":\"https:\/\/destilerijanenadovic.rs\/?page_id=179&lang=lat#breadcrumb\",\"itemListElement\":[{\"@type\":\"ListItem\",\"position\":1,\"name\":\"\u041f\u043e\u0447\u0435\u0442\u043d\u0430\",\"item\":\"https:\/\/destilerijanenadovic.rs\/?page_id=20&lang=sr\"},{\"@type\":\"ListItem\",\"position\":2,\"name\":\"O nama\"}]},{\"@type\":\"WebSite\",\"@id\":\"https:\/\/destilerijanenadovic.rs\/#website\",\"url\":\"https:\/\/destilerijanenadovic.rs\/\",\"name\":\"\u0414\u0435\u0441\u0442\u0438\u043b\u0435\u0440\u0438\u0458\u0430 \u041d\u0435\u043d\u0430\u0434\u043e\u0432\u0438\u045b\",\"description\":\"\",\"publisher\":{\"@id\":\"https:\/\/destilerijanenadovic.rs\/#organization\"},\"inLanguage\":\"sr-RS\"},{\"@type\":\"Organization\",\"@id\":\"https:\/\/destilerijanenadovic.rs\/#organization\",\"name\":\"\u0414\u0435\u0441\u0442\u0438\u043b\u0435\u0440\u0438\u0458\u0430 \u041d\u0435\u043d\u0430\u0434\u043e\u0432\u0438\u045b\",\"url\":\"https:\/\/destilerijanenadovic.rs\/\",\"logo\":{\"@type\":\"ImageObject\",\"inLanguage\":\"sr-RS\",\"@id\":\"https:\/\/destilerijanenadovic.rs\/#\/schema\/logo\/image\/\",\"url\":\"https:\/\/destilerijanenadovic.rs\/wp-content\/uploads\/2020\/05\/Destilerija-Nenadovic-logo-Nasa-Tajna-beo.png\",\"contentUrl\":\"https:\/\/destilerijanenadovic.rs\/wp-content\/uploads\/2020\/05\/Destilerija-Nenadovic-logo-Nasa-Tajna-beo.png\",\"width\":709,\"height\":709,\"caption\":\"\u0414\u0435\u0441\u0442\u0438\u043b\u0435\u0440\u0438\u0458\u0430 \u041d\u0435\u043d\u0430\u0434\u043e\u0432\u0438\u045b\"},\"image\":{\"@id\":\"https:\/\/destilerijanenadovic.rs\/#\/schema\/logo\/image\/\"},\"sameAs\":[\"https:\/\/facebook.com\/destilerija.nenadovic\",\"https:\/\/www.instagram.com\/destilerija_nenadovic\"]}]}<\/script>\n<!-- \/ Yoast SEO plugin. -->","yoast_head_json":{"title":"O nama - \u0414\u0435\u0441\u0442\u0438\u043b\u0435\u0440\u0438\u0458\u0430 \u041d\u0435\u043d\u0430\u0434\u043e\u0432\u0438\u045b","robots":{"index":"index","follow":"follow","max-snippet":"max-snippet:-1","max-image-preview":"max-image-preview:large","max-video-preview":"max-video-preview:-1"},"canonical":"https:\/\/destilerijanenadovic.rs\/?page_id=179&lang=lat","og_locale":"sr_RS","og_type":"article","og_title":"O nama - \u0414\u0435\u0441\u0442\u0438\u043b\u0435\u0440\u0438\u0458\u0430 \u041d\u0435\u043d\u0430\u0434\u043e\u0432\u0438\u045b","og_description":"Destilerija Nenadovi\u0107 je osnovana 2. oktobra 2018. godine na porodi\u010dnom imanju u selu Krnule &#8211; Vladimirci, sa idejom da se preradom sopstvenog vo\u0107a proizvedu najkvalitetnije rakije napravljene u zanatskom tipu proizvodnje. Stogodi\u0161njim porodi\u010dnim iskustvom pravljenja rakije &#8211; dvostrukom destilacijom u bakarnom kazanu nastaje godi\u0161nje vi\u0161e od 10.000 litara prirodnih vo\u0107nih rakija vrhunskog kvaliteta. Na preko&hellip;\u041e\u043f\u0448\u0438\u0440\u043d\u0438\u0458\u0435","og_url":"https:\/\/destilerijanenadovic.rs\/?page_id=179&lang=lat","og_site_name":"\u0414\u0435\u0441\u0442\u0438\u043b\u0435\u0440\u0438\u0458\u0430 \u041d\u0435\u043d\u0430\u0434\u043e\u0432\u0438\u045b","article_publisher":"https:\/\/facebook.com\/destilerija.nenadovic","article_modified_time":"2020-05-23T10:52:47+00:00","twitter_card":"summary_large_image","twitter_misc":{"\u041f\u0440\u043e\u0446\u0435\u045a\u0435\u043d\u043e \u0432\u0440\u0435\u043c\u0435 \u0447\u0438\u0442\u0430\u045a\u0430":"1 \u043c\u0438\u043d\u0443\u0442"},"schema":{"@context":"https:\/\/schema.org","@graph":[{"@type":"WebPage","@id":"https:\/\/destilerijanenadovic.rs\/?page_id=179&lang=lat","url":"https:\/\/destilerijanenadovic.rs\/?page_id=179&lang=lat","name":"O nama - \u0414\u0435\u0441\u0442\u0438\u043b\u0435\u0440\u0438\u0458\u0430 \u041d\u0435\u043d\u0430\u0434\u043e\u0432\u0438\u045b","isPartOf":{"@id":"https:\/\/destilerijanenadovic.rs\/#website"},"datePublished":"2020-05-23T10:45:32+00:00","dateModified":"2020-05-23T10:52:47+00:00","breadcrumb":{"@id":"https:\/\/destilerijanenadovic.rs\/?page_id=179&lang=lat#breadcrumb"},"inLanguage":"sr-RS","potentialAction":[{"@type":"ReadAction","target":["https:\/\/destilerijanenadovic.rs\/?page_id=179&lang=lat"]}]},{"@type":"BreadcrumbList","@id":"https:\/\/destilerijanenadovic.rs\/?page_id=179&lang=lat#breadcrumb","itemListElement":[{"@type":"ListItem","position":1,"name":"\u041f\u043e\u0447\u0435\u0442\u043d\u0430","item":"https:\/\/destilerijanenadovic.rs\/?page_id=20&lang=sr"},{"@type":"ListItem","position":2,"name":"O nama"}]},{"@type":"WebSite","@id":"https:\/\/destilerijanenadovic.rs\/#website","url":"https:\/\/destilerijanenadovic.rs\/","name":"\u0414\u0435\u0441\u0442\u0438\u043b\u0435\u0440\u0438\u0458\u0430 \u041d\u0435\u043d\u0430\u0434\u043e\u0432\u0438\u045b","description":"","publisher":{"@id":"https:\/\/destilerijanenadovic.rs\/#organization"},"inLanguage":"sr-RS"},{"@type":"Organization","@id":"https:\/\/destilerijanenadovic.rs\/#organization","name":"\u0414\u0435\u0441\u0442\u0438\u043b\u0435\u0440\u0438\u0458\u0430 \u041d\u0435\u043d\u0430\u0434\u043e\u0432\u0438\u045b","url":"https:\/\/destilerijanenadovic.rs\/","logo":{"@type":"ImageObject","inLanguage":"sr-RS","@id":"https:\/\/destilerijanenadovic.rs\/#\/schema\/logo\/image\/","url":"https:\/\/destilerijanenadovic.rs\/wp-content\/uploads\/2020\/05\/Destilerija-Nenadovic-logo-Nasa-Tajna-beo.png","contentUrl":"https:\/\/destilerijanenadovic.rs\/wp-content\/uploads\/2020\/05\/Destilerija-Nenadovic-logo-Nasa-Tajna-beo.png","width":709,"height":709,"caption":"\u0414\u0435\u0441\u0442\u0438\u043b\u0435\u0440\u0438\u0458\u0430 \u041d\u0435\u043d\u0430\u0434\u043e\u0432\u0438\u045b"},"image":{"@id":"https:\/\/destilerijanenadovic.rs\/#\/schema\/logo\/image\/"},"sameAs":["https:\/\/facebook.com\/destilerija.nenadovic","https:\/\/www.instagram.com\/destilerija_nenadovic"]}]}},"_links":{"self":[{"href":"https:\/\/destilerijanenadovic.rs\/index.php?rest_route=\/wp\/v2\/pages\/179","targetHints":{"allow":["GET"]}}],"collection":[{"href":"https:\/\/destilerijanenadovic.rs\/index.php?rest_route=\/wp\/v2\/pages"}],"about":[{"href":"https:\/\/destilerijanenadovic.rs\/index.php?rest_route=\/wp\/v2\/types\/page"}],"author":[{"embeddable":true,"href":"https:\/\/destilerijanenadovic.rs\/index.php?rest_route=\/wp\/v2\/users\/1"}],"replies":[{"embeddable":true,"href":"https:\/\/destilerijanenadovic.rs\/index.php?rest_route=%2Fwp%2Fv2%2Fcomments&post=179"}],"version-history":[{"count":3,"href":"https:\/\/destilerijanenadovic.rs\/index.php?rest_route=\/wp\/v2\/pages\/179\/revisions"}],"predecessor-version":[{"id":197,"href":"https:\/\/destilerijanenadovic.rs\/index.php?rest_route=\/wp\/v2\/pages\/179\/revisions\/197"}],"wp:attachment":[{"href":"https:\/\/destilerijanenadovic.rs\/index.php?rest_route=%2Fwp%2Fv2%2Fmedia&parent=179"}],"curies":[{"name":"wp","href":"https:\/\/api.w.org\/{rel}","templated":true}]}}