{"id":171,"date":"2020-05-23T10:38:59","date_gmt":"2020-05-23T10:38:59","guid":{"rendered":"https:\/\/destilerijanenadovic.rs\/?page_id=171"},"modified":"2025-09-16T16:43:25","modified_gmt":"2025-09-16T16:43:25","slug":"pocetna","status":"publish","type":"page","link":"https:\/\/destilerijanenadovic.rs\/?page_id=171&lang=lat","title":{"rendered":"Naslovna"},"content":{"rendered":"<style type=\"text\/css\">\n#foogallery-gallery-274 .fg-image { width: 400px; }<\/style>\n\t\t\t<div class=\"foogallery foogallery-container foogallery-carousel foogallery-lightbox-none fg-carousel-hide-progress-bar fg-carousel fg-ready fg-light fg-round-small fg-shadow-inset-small fg-loading-bars fg-loaded-fade-in\" id=\"foogallery-gallery-274\" data-foogallery=\"{&quot;item&quot;:{&quot;showCaptionTitle&quot;:true,&quot;showCaptionDescription&quot;:true},&quot;lazy&quot;:true,&quot;template&quot;:{&quot;maxItems&quot;:5,&quot;scale&quot;:0.18,&quot;gutter&quot;:{&quot;min&quot;:-50,&quot;max&quot;:-20,&quot;unit&quot;:&quot;%&quot;},&quot;autoplay&quot;:{&quot;time&quot;:5,&quot;interaction&quot;:&quot;pause&quot;},&quot;centerOnClick&quot;:true,&quot;align&quot;:&quot;center&quot;,&quot;activePosition&quot;:&quot;center&quot;}}\" style=\"--fg-title-line-clamp: 0; --fg-description-line-clamp: 0;\" >\n\t<button type=\"button\" class=\"fg-carousel-prev\" title=\"Previous\"><\/button>\n\t<div class=\"fg-carousel-inner\">\n\t\t<div class=\"fg-carousel-center\"><\/div>\n\t\t<div class=\"fg-item fg-type-image fg-idle\"><figure class=\"fg-item-inner\"><a data-attachment-id=\"273\" data-type=\"image\" class=\"fg-thumb\"><span class=\"fg-image-wrap\"><img fetchpriority=\"high\" decoding=\"async\" width=\"400\" height=\"400\" class=\"skip-lazy fg-image\" data-src-fg=\"https:\/\/destilerijanenadovic.rs\/wp-content\/uploads\/cache\/2025\/09\/viber_image_2025-09-15_14-17-02-751-e1758039351697\/3370359274.jpg\" src=\"data:image\/svg+xml,%3Csvg%20xmlns%3D%22http%3A%2F%2Fwww.w3.org%2F2000%2Fsvg%22%20width%3D%22400%22%20height%3D%22400%22%20viewBox%3D%220%200%20400%20400%22%3E%3C%2Fsvg%3E\" loading=\"eager\"><\/span><span class=\"fg-image-overlay\"><\/span><\/a><\/figure><div class=\"fg-loader\"><\/div><\/div><div class=\"fg-item fg-type-image fg-idle\"><figure class=\"fg-item-inner\"><a data-attachment-id=\"272\" data-type=\"image\" class=\"fg-thumb\"><span class=\"fg-image-wrap\"><img decoding=\"async\" width=\"400\" height=\"400\" class=\"skip-lazy fg-image\" data-src-fg=\"https:\/\/destilerijanenadovic.rs\/wp-content\/uploads\/cache\/2025\/09\/viber_image_2025-09-15_14-25-01-060-e1758039293696\/2968678663.jpg\" src=\"data:image\/svg+xml,%3Csvg%20xmlns%3D%22http%3A%2F%2Fwww.w3.org%2F2000%2Fsvg%22%20width%3D%22400%22%20height%3D%22400%22%20viewBox%3D%220%200%20400%20400%22%3E%3C%2Fsvg%3E\" loading=\"eager\"><\/span><span class=\"fg-image-overlay\"><\/span><\/a><\/figure><div class=\"fg-loader\"><\/div><\/div><div class=\"fg-item fg-type-image fg-idle\"><figure class=\"fg-item-inner\"><a data-attachment-id=\"271\" data-type=\"image\" class=\"fg-thumb\"><span class=\"fg-image-wrap\"><img decoding=\"async\" width=\"400\" height=\"400\" class=\"skip-lazy fg-image\" data-src-fg=\"https:\/\/destilerijanenadovic.rs\/wp-content\/uploads\/cache\/2025\/09\/viber_image_2025-09-15_14-25-34-953-e1758039247975\/377296828.jpg\" src=\"data:image\/svg+xml,%3Csvg%20xmlns%3D%22http%3A%2F%2Fwww.w3.org%2F2000%2Fsvg%22%20width%3D%22400%22%20height%3D%22400%22%20viewBox%3D%220%200%20400%20400%22%3E%3C%2Fsvg%3E\" loading=\"eager\"><\/span><span class=\"fg-image-overlay\"><\/span><\/a><\/figure><div class=\"fg-loader\"><\/div><\/div>\t<\/div>\n\t<div class=\"fg-carousel-bottom\"><\/div>\n\t<div class=\"fg-carousel-progress\"><\/div>\n\t<button type=\"button\" class=\"fg-carousel-next\" title=\"Next\"><\/button>\n<\/div>\n","protected":false},"excerpt":{"rendered":"<div class=\"read-more navbutton\"><a href=\"https:\/\/destilerijanenadovic.rs\/?page_id=171&#038;lang=lat\">\u041e\u043f\u0448\u0438\u0440\u043d\u0438\u0458\u0435<i class=\"fa fa-angle-double-right\"><\/i><\/a><\/div>\n","protected":false},"author":1,"featured_media":0,"parent":0,"menu_order":0,"comment_status":"closed","ping_status":"closed","template":"page-templates\/full-width.php","meta":{"inline_featured_image":false,"footnotes":""},"class_list":["post-171","page","type-page","status-publish","hentry"],"yoast_head":"<!-- This site is optimized with the Yoast SEO plugin v27.2 - https:\/\/yoast.com\/product\/yoast-seo-wordpress\/ -->\n<title>Naslovna - \u0414\u0435\u0441\u0442\u0438\u043b\u0435\u0440\u0438\u0458\u0430 \u041d\u0435\u043d\u0430\u0434\u043e\u0432\u0438\u045b<\/title>\n<meta name=\"description\" content=\"Destilerija Nenadovi\u0107 poznati srpski proizvo\u0111a\u010d vi\u0161estruko nagra\u0111ivanih najkvalitetnijih rakija.\" \/>\n<meta name=\"robots\" content=\"index, follow, max-snippet:-1, max-image-preview:large, max-video-preview:-1\" \/>\n<link rel=\"canonical\" href=\"https:\/\/destilerijanenadovic.rs\/?page_id=171&lang=lat\" \/>\n<meta property=\"og:locale\" content=\"sr_RS\" \/>\n<meta property=\"og:type\" content=\"article\" \/>\n<meta property=\"og:title\" content=\"Naslovna - \u0414\u0435\u0441\u0442\u0438\u043b\u0435\u0440\u0438\u0458\u0430 \u041d\u0435\u043d\u0430\u0434\u043e\u0432\u0438\u045b\" \/>\n<meta property=\"og:description\" content=\"Destilerija Nenadovi\u0107 poznati srpski proizvo\u0111a\u010d vi\u0161estruko nagra\u0111ivanih najkvalitetnijih rakija.\" \/>\n<meta property=\"og:url\" content=\"https:\/\/destilerijanenadovic.rs\/?page_id=171&amp;lang=lat\" \/>\n<meta property=\"og:site_name\" content=\"\u0414\u0435\u0441\u0442\u0438\u043b\u0435\u0440\u0438\u0458\u0430 \u041d\u0435\u043d\u0430\u0434\u043e\u0432\u0438\u045b\" \/>\n<meta property=\"article:publisher\" content=\"https:\/\/facebook.com\/destilerija.nenadovic\" \/>\n<meta property=\"article:modified_time\" content=\"2025-09-16T16:43:25+00:00\" \/>\n<meta name=\"twitter:card\" content=\"summary_large_image\" \/>\n<script type=\"application\/ld+json\" class=\"yoast-schema-graph\">{\"@context\":\"https:\/\/schema.org\",\"@graph\":[{\"@type\":\"WebPage\",\"@id\":\"https:\/\/destilerijanenadovic.rs\/?page_id=171&lang=lat\",\"url\":\"https:\/\/destilerijanenadovic.rs\/?page_id=171&lang=lat\",\"name\":\"Naslovna - \u0414\u0435\u0441\u0442\u0438\u043b\u0435\u0440\u0438\u0458\u0430 \u041d\u0435\u043d\u0430\u0434\u043e\u0432\u0438\u045b\",\"isPartOf\":{\"@id\":\"https:\/\/destilerijanenadovic.rs\/#website\"},\"datePublished\":\"2020-05-23T10:38:59+00:00\",\"dateModified\":\"2025-09-16T16:43:25+00:00\",\"description\":\"Destilerija Nenadovi\u0107 poznati srpski proizvo\u0111a\u010d vi\u0161estruko nagra\u0111ivanih najkvalitetnijih rakija.\",\"breadcrumb\":{\"@id\":\"https:\/\/destilerijanenadovic.rs\/?page_id=171&lang=lat#breadcrumb\"},\"inLanguage\":\"sr-RS\",\"potentialAction\":[{\"@type\":\"ReadAction\",\"target\":[\"https:\/\/destilerijanenadovic.rs\/?page_id=171&lang=lat\"]}]},{\"@type\":\"BreadcrumbList\",\"@id\":\"https:\/\/destilerijanenadovic.rs\/?page_id=171&lang=lat#breadcrumb\",\"itemListElement\":[{\"@type\":\"ListItem\",\"position\":1,\"name\":\"\u041f\u043e\u0447\u0435\u0442\u043d\u0430\",\"item\":\"https:\/\/destilerijanenadovic.rs\/?page_id=20&lang=sr\"},{\"@type\":\"ListItem\",\"position\":2,\"name\":\"Naslovna\"}]},{\"@type\":\"WebSite\",\"@id\":\"https:\/\/destilerijanenadovic.rs\/#website\",\"url\":\"https:\/\/destilerijanenadovic.rs\/\",\"name\":\"\u0414\u0435\u0441\u0442\u0438\u043b\u0435\u0440\u0438\u0458\u0430 \u041d\u0435\u043d\u0430\u0434\u043e\u0432\u0438\u045b\",\"description\":\"\",\"publisher\":{\"@id\":\"https:\/\/destilerijanenadovic.rs\/#organization\"},\"inLanguage\":\"sr-RS\"},{\"@type\":\"Organization\",\"@id\":\"https:\/\/destilerijanenadovic.rs\/#organization\",\"name\":\"\u0414\u0435\u0441\u0442\u0438\u043b\u0435\u0440\u0438\u0458\u0430 \u041d\u0435\u043d\u0430\u0434\u043e\u0432\u0438\u045b\",\"url\":\"https:\/\/destilerijanenadovic.rs\/\",\"logo\":{\"@type\":\"ImageObject\",\"inLanguage\":\"sr-RS\",\"@id\":\"https:\/\/destilerijanenadovic.rs\/#\/schema\/logo\/image\/\",\"url\":\"https:\/\/destilerijanenadovic.rs\/wp-content\/uploads\/2020\/05\/Destilerija-Nenadovic-logo-Nasa-Tajna-beo.png\",\"contentUrl\":\"https:\/\/destilerijanenadovic.rs\/wp-content\/uploads\/2020\/05\/Destilerija-Nenadovic-logo-Nasa-Tajna-beo.png\",\"width\":709,\"height\":709,\"caption\":\"\u0414\u0435\u0441\u0442\u0438\u043b\u0435\u0440\u0438\u0458\u0430 \u041d\u0435\u043d\u0430\u0434\u043e\u0432\u0438\u045b\"},\"image\":{\"@id\":\"https:\/\/destilerijanenadovic.rs\/#\/schema\/logo\/image\/\"},\"sameAs\":[\"https:\/\/facebook.com\/destilerija.nenadovic\",\"https:\/\/www.instagram.com\/destilerija_nenadovic\"]}]}<\/script>\n<!-- \/ Yoast SEO plugin. -->","yoast_head_json":{"title":"Naslovna - \u0414\u0435\u0441\u0442\u0438\u043b\u0435\u0440\u0438\u0458\u0430 \u041d\u0435\u043d\u0430\u0434\u043e\u0432\u0438\u045b","description":"Destilerija Nenadovi\u0107 poznati srpski proizvo\u0111a\u010d vi\u0161estruko nagra\u0111ivanih najkvalitetnijih rakija.","robots":{"index":"index","follow":"follow","max-snippet":"max-snippet:-1","max-image-preview":"max-image-preview:large","max-video-preview":"max-video-preview:-1"},"canonical":"https:\/\/destilerijanenadovic.rs\/?page_id=171&lang=lat","og_locale":"sr_RS","og_type":"article","og_title":"Naslovna - \u0414\u0435\u0441\u0442\u0438\u043b\u0435\u0440\u0438\u0458\u0430 \u041d\u0435\u043d\u0430\u0434\u043e\u0432\u0438\u045b","og_description":"Destilerija Nenadovi\u0107 poznati srpski proizvo\u0111a\u010d vi\u0161estruko nagra\u0111ivanih najkvalitetnijih rakija.","og_url":"https:\/\/destilerijanenadovic.rs\/?page_id=171&lang=lat","og_site_name":"\u0414\u0435\u0441\u0442\u0438\u043b\u0435\u0440\u0438\u0458\u0430 \u041d\u0435\u043d\u0430\u0434\u043e\u0432\u0438\u045b","article_publisher":"https:\/\/facebook.com\/destilerija.nenadovic","article_modified_time":"2025-09-16T16:43:25+00:00","twitter_card":"summary_large_image","schema":{"@context":"https:\/\/schema.org","@graph":[{"@type":"WebPage","@id":"https:\/\/destilerijanenadovic.rs\/?page_id=171&lang=lat","url":"https:\/\/destilerijanenadovic.rs\/?page_id=171&lang=lat","name":"Naslovna - \u0414\u0435\u0441\u0442\u0438\u043b\u0435\u0440\u0438\u0458\u0430 \u041d\u0435\u043d\u0430\u0434\u043e\u0432\u0438\u045b","isPartOf":{"@id":"https:\/\/destilerijanenadovic.rs\/#website"},"datePublished":"2020-05-23T10:38:59+00:00","dateModified":"2025-09-16T16:43:25+00:00","description":"Destilerija Nenadovi\u0107 poznati srpski proizvo\u0111a\u010d vi\u0161estruko nagra\u0111ivanih najkvalitetnijih rakija.","breadcrumb":{"@id":"https:\/\/destilerijanenadovic.rs\/?page_id=171&lang=lat#breadcrumb"},"inLanguage":"sr-RS","potentialAction":[{"@type":"ReadAction","target":["https:\/\/destilerijanenadovic.rs\/?page_id=171&lang=lat"]}]},{"@type":"BreadcrumbList","@id":"https:\/\/destilerijanenadovic.rs\/?page_id=171&lang=lat#breadcrumb","itemListElement":[{"@type":"ListItem","position":1,"name":"\u041f\u043e\u0447\u0435\u0442\u043d\u0430","item":"https:\/\/destilerijanenadovic.rs\/?page_id=20&lang=sr"},{"@type":"ListItem","position":2,"name":"Naslovna"}]},{"@type":"WebSite","@id":"https:\/\/destilerijanenadovic.rs\/#website","url":"https:\/\/destilerijanenadovic.rs\/","name":"\u0414\u0435\u0441\u0442\u0438\u043b\u0435\u0440\u0438\u0458\u0430 \u041d\u0435\u043d\u0430\u0434\u043e\u0432\u0438\u045b","description":"","publisher":{"@id":"https:\/\/destilerijanenadovic.rs\/#organization"},"inLanguage":"sr-RS"},{"@type":"Organization","@id":"https:\/\/destilerijanenadovic.rs\/#organization","name":"\u0414\u0435\u0441\u0442\u0438\u043b\u0435\u0440\u0438\u0458\u0430 \u041d\u0435\u043d\u0430\u0434\u043e\u0432\u0438\u045b","url":"https:\/\/destilerijanenadovic.rs\/","logo":{"@type":"ImageObject","inLanguage":"sr-RS","@id":"https:\/\/destilerijanenadovic.rs\/#\/schema\/logo\/image\/","url":"https:\/\/destilerijanenadovic.rs\/wp-content\/uploads\/2020\/05\/Destilerija-Nenadovic-logo-Nasa-Tajna-beo.png","contentUrl":"https:\/\/destilerijanenadovic.rs\/wp-content\/uploads\/2020\/05\/Destilerija-Nenadovic-logo-Nasa-Tajna-beo.png","width":709,"height":709,"caption":"\u0414\u0435\u0441\u0442\u0438\u043b\u0435\u0440\u0438\u0458\u0430 \u041d\u0435\u043d\u0430\u0434\u043e\u0432\u0438\u045b"},"image":{"@id":"https:\/\/destilerijanenadovic.rs\/#\/schema\/logo\/image\/"},"sameAs":["https:\/\/facebook.com\/destilerija.nenadovic","https:\/\/www.instagram.com\/destilerija_nenadovic"]}]}},"_links":{"self":[{"href":"https:\/\/destilerijanenadovic.rs\/index.php?rest_route=\/wp\/v2\/pages\/171","targetHints":{"allow":["GET"]}}],"collection":[{"href":"https:\/\/destilerijanenadovic.rs\/index.php?rest_route=\/wp\/v2\/pages"}],"about":[{"href":"https:\/\/destilerijanenadovic.rs\/index.php?rest_route=\/wp\/v2\/types\/page"}],"author":[{"embeddable":true,"href":"https:\/\/destilerijanenadovic.rs\/index.php?rest_route=\/wp\/v2\/users\/1"}],"replies":[{"embeddable":true,"href":"https:\/\/destilerijanenadovic.rs\/index.php?rest_route=%2Fwp%2Fv2%2Fcomments&post=171"}],"version-history":[{"count":4,"href":"https:\/\/destilerijanenadovic.rs\/index.php?rest_route=\/wp\/v2\/pages\/171\/revisions"}],"predecessor-version":[{"id":279,"href":"https:\/\/destilerijanenadovic.rs\/index.php?rest_route=\/wp\/v2\/pages\/171\/revisions\/279"}],"wp:attachment":[{"href":"https:\/\/destilerijanenadovic.rs\/index.php?rest_route=%2Fwp%2Fv2%2Fmedia&parent=171"}],"curies":[{"name":"wp","href":"https:\/\/api.w.org\/{rel}","templated":true}]}}